{"id":89611,"date":"2025-04-28T15:40:25","date_gmt":"2025-04-28T15:40:25","guid":{"rendered":"https:\/\/salmon-stinkbug-263337.hostingersite.com\/contact\/"},"modified":"2025-11-18T13:02:25","modified_gmt":"2025-11-18T13:02:25","slug":"contact","status":"publish","type":"page","link":"https:\/\/investicevcernehore.cz\/en\/contact\/","title":{"rendered":"Contact"},"content":{"rendered":"<p>[et_pb_section fb_built=&#8221;1&#8243; custom_padding_last_edited=&#8221;on|desktop&#8221; _builder_version=&#8221;4.27.4&#8243; _module_preset=&#8221;default&#8221; background_image=&#8221;https:\/\/investicevcernehore.cz\/wp-content\/uploads\/2025\/04\/Group-2-2.webp&#8221; custom_margin=&#8221;-2px||0px||false|false&#8221; custom_padding=&#8221;70px||0px||false|false&#8221; custom_padding_tablet=&#8221;70px||70px||false|false&#8221; custom_padding_phone=&#8221;50px||50px||false|false&#8221; animation_style=&#8221;fade&#8221; animation_duration=&#8221;500ms&#8221; animation_speed_curve=&#8221;ease&#8221; background_last_edited=&#8221;on|tablet&#8221; background_position_tablet=&#8221;top_left&#8221; locked=&#8221;off&#8221; global_colors_info=&#8221;{}&#8221;][et_pb_row column_structure=&#8221;1_2,1_2&#8243; use_custom_gutter=&#8221;on&#8221; gutter_width=&#8221;2&#8243; _builder_version=&#8221;4.27.4&#8243; _module_preset=&#8221;default&#8221; width=&#8221;90%&#8221; max_width_tablet=&#8221;700px&#8221; max_width_phone=&#8221;530px&#8221; max_width_last_edited=&#8221;on|phone&#8221; custom_margin=&#8221;0px||0px||false|false&#8221; custom_padding=&#8221;0px||0px||false|false&#8221; global_colors_info=&#8221;{}&#8221;][et_pb_column type=&#8221;1_2&#8243; _builder_version=&#8221;4.17.0&#8243; _module_preset=&#8221;default&#8221; global_colors_info=&#8221;{}&#8221;][et_pb_text _builder_version=&#8221;4.27.4&#8243; _module_preset=&#8221;default&#8221; text_font=&#8221;Chivo||||||||&#8221; text_text_color=&#8221;#FFFFFF&#8221; text_font_size=&#8221;20px&#8221; header_font=&#8221;Chivo||||||||&#8221; header_text_color=&#8221;#FFFFFF&#8221; header_font_size=&#8221;20px&#8221; header_4_font=&#8221;Chivo||||||||&#8221; header_4_text_align=&#8221;left&#8221; header_4_text_color=&#8221;#8fd258&#8243; header_4_font_size=&#8221;20px&#8221; custom_margin=&#8221;60px||10px|0px|false|false&#8221; custom_margin_tablet=&#8221;0px||||false|false&#8221; custom_margin_phone=&#8221;0px||||false|false&#8221; custom_margin_last_edited=&#8221;on|phone&#8221; custom_padding=&#8221;0px||0px|50px|false|false&#8221; animation_style=&#8221;slide&#8221; animation_direction=&#8221;top&#8221; animation_intensity_slide=&#8221;20%&#8221; animation_speed_curve=&#8221;ease&#8221; header_font_size_tablet=&#8221;20px&#8221; header_font_size_phone=&#8221;18px&#8221; header_font_size_last_edited=&#8221;on|phone&#8221; custom_css_before=&#8221;    content: &#8221;;||    position:absolute;||    top:9px;||    left:0;||    width: 40px;||    height: 2px;||    background-color: #9b9090;||&#8221; global_colors_info=&#8221;{}&#8221;]<\/p>\n<p>Investments in Montenegro<\/p>\n<p>[\/et_pb_text][et_pb_text _builder_version=&#8221;4.27.4&#8243; _module_preset=&#8221;default&#8221; text_font=&#8221;Linden Hill|700|||||||&#8221; text_text_color=&#8221;#FFFFFF&#8221; text_font_size=&#8221;55px&#8221; text_line_height=&#8221;1em&#8221; header_font=&#8221;Linden Hill|700|||||||&#8221; header_text_align=&#8221;left&#8221; header_text_color=&#8221;#b5bbd1&#8243; header_font_size=&#8221;55px&#8221; header_line_height=&#8221;1.1em&#8221; z_index=&#8221;16&#8243; max_width=&#8221;93%&#8221; custom_margin=&#8221;0px||10px||false|false&#8221; custom_padding=&#8221;0px||0px||false|false&#8221; animation_style=&#8221;slide&#8221; animation_direction=&#8221;top&#8221; animation_duration=&#8221;2000ms&#8221; animation_intensity_slide=&#8221;20%&#8221; animation_speed_curve=&#8221;ease&#8221; text_font_size_tablet=&#8221;55px&#8221; text_font_size_phone=&#8221;35px&#8221; text_font_size_last_edited=&#8221;on|desktop&#8221; header_font_size_tablet=&#8221;55px&#8221; header_font_size_phone=&#8221;45px&#8221; header_font_size_last_edited=&#8221;on|phone&#8221; global_colors_info=&#8221;{}&#8221;]<\/p>\n<h1>CONTACT<\/h1>\n<p>[\/et_pb_text][et_pb_text content_tablet=&#8221;<\/p>\n<p><span>Dolor sit amet consectetur elit sed do eiusmod tempor<br \/>incididunt labore dolore magna aliqua enim.<\/span><\/p>\n<p>&#8221; content_phone=&#8221;<span>Dolor sit amet consectetur elit sed do eiusmod tempor incididunt labore dolore magna aliqua enim.<\/span>&#8221; content_last_edited=&#8221;off|desktop&#8221; _builder_version=&#8221;4.27.4&#8243; _module_preset=&#8221;default&#8221; text_font=&#8221;Mulish||||||||&#8221; text_text_color=&#8221;#FFFFFF&#8221; text_font_size=&#8221;18px&#8221; text_line_height=&#8221;1.4em&#8221; max_width=&#8221;435px&#8221; custom_margin=&#8221;0px||35px||false|false&#8221; custom_padding=&#8221;0px||0px||false|false&#8221; animation_style=&#8221;slide&#8221; animation_direction=&#8221;bottom&#8221; animation_duration=&#8221;2000ms&#8221; animation_delay=&#8221;200ms&#8221; animation_intensity_slide=&#8221;20%&#8221; animation_speed_curve=&#8221;ease&#8221; global_colors_info=&#8221;{}&#8221;]<\/p>\n<p>We can help you find the ideal property, arrange renovation and management. With us, you invest smartly and worry-free. <\/p>\n<p>[\/et_pb_text][\/et_pb_column][et_pb_column type=&#8221;1_2&#8243; _builder_version=&#8221;4.17.0&#8243; _module_preset=&#8221;default&#8221; global_colors_info=&#8221;{}&#8221;][et_pb_code _builder_version=&#8221;4.27.4&#8243; _module_preset=&#8221;default&#8221; global_colors_info=&#8221;{}&#8221;]<\/p>\n<div data-tf-live=\"01K0995AWKT9ZFV0E3A8R0N58E\"><\/div>\n<p><script src=\"\/\/embed.typeform.com\/next\/embed.js\"><\/script>[\/et_pb_code][\/et_pb_column][\/et_pb_row][\/et_pb_section][et_pb_section fb_built=&#8221;1&#8243; _builder_version=&#8221;4.27.4&#8243; background_color=&#8221;#091733&#8243; custom_margin=&#8221;-2px||||false|false&#8221; custom_padding=&#8221;70px|0px|70px|0px|true|false&#8221; global_colors_info=&#8221;{}&#8221;][et_pb_row column_structure=&#8221;1_4,1_4,1_4,1_4&#8243; use_custom_gutter=&#8221;on&#8221; gutter_width=&#8221;1&#8243; make_equal=&#8221;on&#8221; _builder_version=&#8221;4.27.4&#8243; width=&#8221;90%&#8221; custom_padding=&#8221;||15px|||&#8221; global_colors_info=&#8221;{}&#8221;][et_pb_column type=&#8221;1_4&#8243; _builder_version=&#8221;4.16&#8243; custom_padding=&#8221;|||&#8221; global_colors_info=&#8221;{}&#8221; custom_padding__hover=&#8221;|||&#8221;][et_pb_blurb title=&#8221;Phone&#8221; use_icon=&#8221;on&#8221; font_icon=&#8221;&#xe090;||divi||400&#8243; icon_color=&#8221;#b5bbd1&#8243; icon_placement=&#8221;left&#8221; image_icon_width=&#8221;36px&#8221; _builder_version=&#8221;4.27.4&#8243; header_font=&#8221;Chivo||||||||&#8221; header_text_align=&#8221;left&#8221; header_text_color=&#8221;#b5bbd1&#8243; header_font_size=&#8221;18px&#8221; body_font=&#8221;Mulish|300|||||||&#8221; body_text_align=&#8221;center&#8221; body_text_color=&#8221;#FFFFFF&#8221; body_font_size=&#8221;16px&#8221; body_line_height=&#8221;1.8em&#8221; custom_padding=&#8221;24px||21px||false&#8221; animation=&#8221;off&#8221; border_color_all=&#8221;#297FCA&#8221; icon_font_size=&#8221;36px&#8221; global_colors_info=&#8221;{}&#8221;]<\/p>\n<p data-key=\"On2iG\" data-pm-slice=\"1 1 []\" style=\"text-align: left;\"><a href=\"tel:+420733609809\">+420733609809<\/a><\/p>\n<p>[\/et_pb_blurb][\/et_pb_column][et_pb_column type=&#8221;1_4&#8243; _builder_version=&#8221;4.16&#8243; custom_padding=&#8221;|||&#8221; global_colors_info=&#8221;{}&#8221; custom_padding__hover=&#8221;|||&#8221;][et_pb_blurb title=&#8221;E-mail&#8221; use_icon=&#8221;on&#8221; font_icon=&#8221;&#xe010;||divi||400&#8243; icon_color=&#8221;#b5bbd1&#8243; icon_placement=&#8221;left&#8221; image_icon_width=&#8221;36px&#8221; _builder_version=&#8221;4.27.4&#8243; header_font=&#8221;Chivo||||||||&#8221; header_text_align=&#8221;left&#8221; header_text_color=&#8221;#b5bbd1&#8243; header_font_size=&#8221;18px&#8221; body_font=&#8221;Mulish|300|||||||&#8221; body_text_align=&#8221;center&#8221; body_text_color=&#8221;#FFFFFF&#8221; body_font_size=&#8221;16px&#8221; body_line_height=&#8221;1.8em&#8221; custom_padding=&#8221;24px||21px||false&#8221; animation=&#8221;off&#8221; hover_enabled=&#8221;0&#8243; border_color_all=&#8221;#297FCA&#8221; icon_font_size=&#8221;36px&#8221; global_colors_info=&#8221;{}&#8221; sticky_enabled=&#8221;0&#8243;]<\/p>\n<p data-key=\"R0FSC\" data-pm-slice=\"1 1 []\" style=\"text-align: left;\"><a href=\"mailto:tomas@investicevcernehore.cz\">tomas@investicevcernehore.cz<\/a><\/p>\n<p>[\/et_pb_blurb][\/et_pb_column][et_pb_column type=&#8221;1_4&#8243; _builder_version=&#8221;4.16&#8243; custom_padding=&#8221;|||&#8221; global_colors_info=&#8221;{}&#8221; custom_padding__hover=&#8221;|||&#8221;][et_pb_blurb title=&#8221;Address&#8221; use_icon=&#8221;on&#8221; font_icon=&#8221;&#xe01d;||divi||400&#8243; icon_color=&#8221;#b5bbd1&#8243; icon_placement=&#8221;left&#8221; image_icon_width=&#8221;36px&#8221; _builder_version=&#8221;4.27.4&#8243; header_font=&#8221;Chivo||||||||&#8221; header_text_align=&#8221;left&#8221; header_text_color=&#8221;#b5bbd1&#8243; header_font_size=&#8221;18px&#8221; body_font=&#8221;Mulish|300|||||||&#8221; body_text_align=&#8221;center&#8221; body_text_color=&#8221;#FFFFFF&#8221; body_font_size=&#8221;16px&#8221; body_line_height=&#8221;1.8em&#8221; custom_padding=&#8221;24px||21px||false&#8221; animation=&#8221;off&#8221; border_color_all=&#8221;#297FCA&#8221; icon_font_size=&#8221;36px&#8221; global_colors_info=&#8221;{}&#8221;]<\/p>\n<p data-key=\"Y8uPj\" data-pm-slice=\"1 1 []\" style=\"text-align: left;\">Batoh s.r.o.<br \/>Responsible person: Tom\u00e1\u0161 Hanus<br \/>Rybn\u00e1 716\/24<br \/>110 00 Prague 1<\/p>\n<p>[\/et_pb_blurb][\/et_pb_column][et_pb_column type=&#8221;1_4&#8243; _builder_version=&#8221;4.16&#8243; custom_padding=&#8221;|||&#8221; global_colors_info=&#8221;{}&#8221; custom_padding__hover=&#8221;|||&#8221;][et_pb_blurb title=&#8221;Company ID&#8221; use_icon=&#8221;on&#8221; font_icon=&#8221;&#xe007;||divi||400&#8243; icon_color=&#8221;#b5bbd1&#8243; icon_placement=&#8221;left&#8221; image_icon_width=&#8221;36px&#8221; _builder_version=&#8221;4.27.4&#8243; header_font=&#8221;Chivo||||||||&#8221; header_text_align=&#8221;left&#8221; header_text_color=&#8221;#b5bbd1&#8243; header_font_size=&#8221;18px&#8221; body_font=&#8221;Mulish|300|||||||&#8221; body_text_align=&#8221;center&#8221; body_text_color=&#8221;#FFFFFF&#8221; body_font_size=&#8221;16px&#8221; body_line_height=&#8221;1.8em&#8221; custom_padding=&#8221;24px||21px||false&#8221; animation=&#8221;off&#8221; border_color_all=&#8221;#297FCA&#8221; icon_font_size=&#8221;36px&#8221; global_colors_info=&#8221;{}&#8221;]<\/p>\n<p data-key=\"Y8uPj\" data-pm-slice=\"1 1 []\" style=\"text-align: left;\">11866071<\/p>\n<p>[\/et_pb_blurb][\/et_pb_column][\/et_pb_row][\/et_pb_section][et_pb_section fb_built=&#8221;1&#8243; fullwidth=&#8221;on&#8221; _builder_version=&#8221;4.16&#8243; global_colors_info=&#8221;{}&#8221;][et_pb_fullwidth_code _builder_version=&#8221;4.27.4&#8243; custom_padding=&#8221;||0px|||&#8221; global_colors_info=&#8221;{}&#8221;]<iframe src=\"https:\/\/www.google.com\/maps\/embed?pb=!1m18!1m12!1m3!1d4192.461030820579!2d19.14959131224739!3d42.01062691814827!2m3!1f0!2f0!3f0!3m2!1i1024!2i768!4f13.1!3m3!1m2!1s0x134e6d64bef75c2d%3A0xd73d464a40d76f4a!2z0KPRgtGY0LXRhdCwLCDEjGVybsOhIEhvcmE!5e0!3m2!1scs!2scz!4v1745903835210!5m2!1scs!2scz\" width=\"100%\" height=\"650\" style=\"border:0;\" allowfullscreen=\"\" loading=\"lazy\" referrerpolicy=\"no-referrer-when-downgrade\"><\/iframe>[\/et_pb_fullwidth_code][\/et_pb_section][et_pb_section fb_built=&#8221;1&#8243; _builder_version=&#8221;4.16&#8243; custom_padding=&#8221;0|0px|0|0px|true|false&#8221; locked=&#8221;off&#8221; global_colors_info=&#8221;{}&#8221;][et_pb_row column_structure=&#8221;1_4,1_4,1_4,1_4&#8243; use_custom_gutter=&#8221;on&#8221; gutter_width=&#8221;1&#8243; module_class=&#8221; et_pb_row_fullwidth&#8221; _builder_version=&#8221;4.16&#8243; width=&#8221;100%&#8221; width_tablet=&#8221;100%&#8221; width_phone=&#8221;&#8221; width_last_edited=&#8221;on|desktop&#8221; max_width=&#8221;100%&#8221; max_width_tablet=&#8221;100%&#8221; max_width_phone=&#8221;&#8221; max_width_last_edited=&#8221;on|desktop&#8221; custom_margin=&#8221;-11px|auto||auto||&#8221; custom_padding=&#8221;0px||0px||true&#8221; make_fullwidth=&#8221;on&#8221; global_colors_info=&#8221;{}&#8221;][et_pb_column type=&#8221;1_4&#8243; _builder_version=&#8221;4.16&#8243; custom_padding=&#8221;|||&#8221; global_colors_info=&#8221;{}&#8221; custom_padding__hover=&#8221;|||&#8221;][et_pb_image src=&#8221;https:\/\/investicevcernehore.cz\/wp-content\/uploads\/2025\/05\/Investice-v-Cerne-Hore-2.webp&#8221; alt=&#8221;Investments in Montenegro (2)&#8221; show_in_lightbox=&#8221;on&#8221; use_overlay=&#8221;on&#8221; overlay_icon_color=&#8221;rgba(0,0,0,0)&#8221; hover_overlay_color=&#8221;rgba(0,0,0,0.34)&#8221; _builder_version=&#8221;4.27.4&#8243; filter_opacity=&#8221;90%&#8221; global_colors_info=&#8221;{}&#8221;][\/et_pb_image][et_pb_image src=&#8221;https:\/\/investicevcernehore.cz\/wp-content\/uploads\/2025\/05\/Investice-v-Cerne-Hore-6.webp&#8221; alt=&#8221;Investments in Montenegro (6)&#8221; show_in_lightbox=&#8221;on&#8221; use_overlay=&#8221;on&#8221; overlay_icon_color=&#8221;rgba(0,0,0,0)&#8221; hover_overlay_color=&#8221;rgba(0,0,0,0.34)&#8221; _builder_version=&#8221;4.27.4&#8243; global_colors_info=&#8221;{}&#8221;][\/et_pb_image][\/et_pb_column][et_pb_column type=&#8221;1_4&#8243; _builder_version=&#8221;4.16&#8243; custom_padding=&#8221;|||&#8221; global_colors_info=&#8221;{}&#8221; custom_padding__hover=&#8221;|||&#8221;][et_pb_image src=&#8221;https:\/\/investicevcernehore.cz\/wp-content\/uploads\/2025\/04\/Investice-v-Cerne-Hore-8.webp&#8221; alt=&#8221;Investments in Montenegro (8)&#8221; show_in_lightbox=&#8221;on&#8221; use_overlay=&#8221;on&#8221; overlay_icon_color=&#8221;rgba(0,0,0,0)&#8221; hover_overlay_color=&#8221;rgba(0,0,0,0.34)&#8221; _builder_version=&#8221;4.27.4&#8243; global_colors_info=&#8221;{}&#8221;][\/et_pb_image][et_pb_image src=&#8221;https:\/\/investicevcernehore.cz\/wp-content\/uploads\/2025\/05\/Investice-v-Cerne-Hore-1.webp&#8221; alt=&#8221;Investments in Montenegro (1)&#8221; show_in_lightbox=&#8221;on&#8221; use_overlay=&#8221;on&#8221; overlay_icon_color=&#8221;rgba(0,0,0,0)&#8221; hover_overlay_color=&#8221;rgba(0,0,0,0.34)&#8221; _builder_version=&#8221;4.27.4&#8243; filter_opacity=&#8221;90%&#8221; global_colors_info=&#8221;{}&#8221;][\/et_pb_image][\/et_pb_column][et_pb_column type=&#8221;1_4&#8243; _builder_version=&#8221;4.16&#8243; custom_padding=&#8221;|||&#8221; global_colors_info=&#8221;{}&#8221; custom_padding__hover=&#8221;|||&#8221;][et_pb_image src=&#8221;https:\/\/investicevcernehore.cz\/wp-content\/uploads\/2025\/04\/Investice-v-Cerne-Hore-13.webp&#8221; alt=&#8221;Investments in Montenegro (13)&#8221; show_in_lightbox=&#8221;on&#8221; use_overlay=&#8221;on&#8221; overlay_icon_color=&#8221;rgba(0,0,0,0)&#8221; hover_overlay_color=&#8221;rgba(0,0,0,0.34)&#8221; _builder_version=&#8221;4.27.4&#8243; filter_opacity=&#8221;80%&#8221; global_colors_info=&#8221;{}&#8221;][\/et_pb_image][\/et_pb_column][et_pb_column type=&#8221;1_4&#8243; _builder_version=&#8221;4.16&#8243; custom_padding=&#8221;|||&#8221; global_colors_info=&#8221;{}&#8221; custom_padding__hover=&#8221;|||&#8221;][et_pb_image src=&#8221;https:\/\/investicevcernehore.cz\/wp-content\/uploads\/2025\/05\/Investice-v-Cerne-Hore-5.webp&#8221; alt=&#8221;Investments in Montenegro (5)&#8221; show_in_lightbox=&#8221;on&#8221; use_overlay=&#8221;on&#8221; overlay_icon_color=&#8221;rgba(0,0,0,0)&#8221; hover_overlay_color=&#8221;rgba(0,0,0,0.34)&#8221; _builder_version=&#8221;4.27.4&#8243; global_colors_info=&#8221;{}&#8221;][\/et_pb_image][et_pb_image src=&#8221;https:\/\/investicevcernehore.cz\/wp-content\/uploads\/2025\/05\/Investice-v-Cerne-Hore-3.webp&#8221; alt=&#8221;Investments in Montenegro (3)&#8221; show_in_lightbox=&#8221;on&#8221; use_overlay=&#8221;on&#8221; overlay_icon_color=&#8221;rgba(0,0,0,0)&#8221; hover_overlay_color=&#8221;rgba(0,0,0,0.34)&#8221; _builder_version=&#8221;4.27.4&#8243; filter_opacity=&#8221;90%&#8221; global_colors_info=&#8221;{}&#8221;][\/et_pb_image][\/et_pb_column][\/et_pb_row][\/et_pb_section]<\/p>\n","protected":false},"excerpt":{"rendered":"<p>Investments in MontenegroCONTACTWe can help you find the ideal property, arrange renovation and management. With us, you invest smartly and worry-free. +420733609809tomas@investicevcernehore.czBatoh s.r.o.Responsible person: Tom\u00e1\u0161 HanusRybn\u00e1 716\/24110 00 Prague 111866071<\/p>\n","protected":false},"author":2,"featured_media":0,"parent":0,"menu_order":0,"comment_status":"closed","ping_status":"closed","template":"","meta":{"_acf_changed":false,"_et_pb_use_builder":"on","_et_pb_old_content":"","_et_gb_content_width":"","footnotes":""},"difl_page_category":[],"class_list":["post-89611","page","type-page","status-publish","hentry"],"acf":[],"yoast_head":"<!-- This site is optimized with the Yoast SEO plugin v27.3 - https:\/\/yoast.com\/product\/yoast-seo-wordpress\/ -->\n<title>Contact | investicevcernehore.cz<\/title>\n<meta name=\"description\" content=\"We can help you find the ideal property, arrange renovation and management. With us, you invest smartly and worry-free.\" \/>\n<meta name=\"robots\" content=\"index, follow, max-snippet:-1, max-image-preview:large, max-video-preview:-1\" \/>\n<link rel=\"canonical\" href=\"https:\/\/investicevcernehore.cz\/en\/contact\/\" \/>\n<meta property=\"og:locale\" content=\"en_US\" \/>\n<meta property=\"og:type\" content=\"article\" \/>\n<meta property=\"og:title\" content=\"Contact | investicevcernehore.cz\" \/>\n<meta property=\"og:description\" content=\"We can help you find the ideal property, arrange renovation and management. With us, you invest smartly and worry-free.\" \/>\n<meta property=\"og:url\" content=\"https:\/\/investicevcernehore.cz\/en\/contact\/\" \/>\n<meta property=\"og:site_name\" content=\"investicevcernehore.cz\" \/>\n<meta property=\"article:modified_time\" content=\"2025-11-18T13:02:25+00:00\" \/>\n<meta property=\"og:image\" content=\"https:\/\/investicevcernehore.cz\/wp-content\/uploads\/2025\/06\/Batoh-Reality_LOGO_cerne.png\" \/>\n\t<meta property=\"og:image:width\" content=\"2050\" \/>\n\t<meta property=\"og:image:height\" content=\"561\" \/>\n\t<meta property=\"og:image:type\" content=\"image\/png\" \/>\n<meta name=\"twitter:card\" content=\"summary_large_image\" \/>\n<meta name=\"twitter:label1\" content=\"Est. reading time\" \/>\n\t<meta name=\"twitter:data1\" content=\"7 minutes\" \/>\n<script type=\"application\/ld+json\" class=\"yoast-schema-graph\">{\"@context\":\"https:\\\/\\\/schema.org\",\"@graph\":[{\"@type\":\"WebPage\",\"@id\":\"https:\\\/\\\/investicevcernehore.cz\\\/en\\\/contact\\\/\",\"url\":\"https:\\\/\\\/investicevcernehore.cz\\\/en\\\/contact\\\/\",\"name\":\"Contact | investicevcernehore.cz\",\"isPartOf\":{\"@id\":\"https:\\\/\\\/investicevcernehore.cz\\\/en\\\/#website\"},\"datePublished\":\"2025-04-28T15:40:25+00:00\",\"dateModified\":\"2025-11-18T13:02:25+00:00\",\"description\":\"We can help you find the ideal property, arrange renovation and management. With us, you invest smartly and worry-free.\",\"breadcrumb\":{\"@id\":\"https:\\\/\\\/investicevcernehore.cz\\\/en\\\/contact\\\/#breadcrumb\"},\"inLanguage\":\"en-US\",\"potentialAction\":[{\"@type\":\"ReadAction\",\"target\":[\"https:\\\/\\\/investicevcernehore.cz\\\/en\\\/contact\\\/\"]}]},{\"@type\":\"BreadcrumbList\",\"@id\":\"https:\\\/\\\/investicevcernehore.cz\\\/en\\\/contact\\\/#breadcrumb\",\"itemListElement\":[{\"@type\":\"ListItem\",\"position\":1,\"name\":\"Dom\u016f\",\"item\":\"https:\\\/\\\/investicevcernehore.cz\\\/en\\\/\"},{\"@type\":\"ListItem\",\"position\":2,\"name\":\"Contact\"}]},{\"@type\":\"WebSite\",\"@id\":\"https:\\\/\\\/investicevcernehore.cz\\\/en\\\/#website\",\"url\":\"https:\\\/\\\/investicevcernehore.cz\\\/en\\\/\",\"name\":\"batoh-reality.cz\",\"description\":\"Investice v \u010cern\u00e9 Ho\u0159e\",\"publisher\":{\"@id\":\"https:\\\/\\\/investicevcernehore.cz\\\/en\\\/#organization\"},\"potentialAction\":[{\"@type\":\"SearchAction\",\"target\":{\"@type\":\"EntryPoint\",\"urlTemplate\":\"https:\\\/\\\/investicevcernehore.cz\\\/en\\\/?s={search_term_string}\"},\"query-input\":{\"@type\":\"PropertyValueSpecification\",\"valueRequired\":true,\"valueName\":\"search_term_string\"}}],\"inLanguage\":\"en-US\"},{\"@type\":\"Organization\",\"@id\":\"https:\\\/\\\/investicevcernehore.cz\\\/en\\\/#organization\",\"name\":\"batoh-reality.cz\",\"url\":\"https:\\\/\\\/investicevcernehore.cz\\\/en\\\/\",\"logo\":{\"@type\":\"ImageObject\",\"inLanguage\":\"en-US\",\"@id\":\"https:\\\/\\\/investicevcernehore.cz\\\/en\\\/#\\\/schema\\\/logo\\\/image\\\/\",\"url\":\"http:\\\/\\\/investicevcernehore.cz\\\/wp-content\\\/uploads\\\/2025\\\/06\\\/Batoh-Reality_LOGO_cerne.png\",\"contentUrl\":\"http:\\\/\\\/investicevcernehore.cz\\\/wp-content\\\/uploads\\\/2025\\\/06\\\/Batoh-Reality_LOGO_cerne.png\",\"width\":2050,\"height\":561,\"caption\":\"batoh-reality.cz\"},\"image\":{\"@id\":\"https:\\\/\\\/investicevcernehore.cz\\\/en\\\/#\\\/schema\\\/logo\\\/image\\\/\"}}]}<\/script>\n<!-- \/ Yoast SEO plugin. -->","yoast_head_json":{"title":"Contact | investicevcernehore.cz","description":"We can help you find the ideal property, arrange renovation and management. With us, you invest smartly and worry-free.","robots":{"index":"index","follow":"follow","max-snippet":"max-snippet:-1","max-image-preview":"max-image-preview:large","max-video-preview":"max-video-preview:-1"},"canonical":"https:\/\/investicevcernehore.cz\/en\/contact\/","og_locale":"en_US","og_type":"article","og_title":"Contact | investicevcernehore.cz","og_description":"We can help you find the ideal property, arrange renovation and management. With us, you invest smartly and worry-free.","og_url":"https:\/\/investicevcernehore.cz\/en\/contact\/","og_site_name":"investicevcernehore.cz","article_modified_time":"2025-11-18T13:02:25+00:00","og_image":[{"width":2050,"height":561,"url":"https:\/\/investicevcernehore.cz\/wp-content\/uploads\/2025\/06\/Batoh-Reality_LOGO_cerne.png","type":"image\/png"}],"twitter_card":"summary_large_image","twitter_misc":{"Est. reading time":"7 minutes"},"schema":{"@context":"https:\/\/schema.org","@graph":[{"@type":"WebPage","@id":"https:\/\/investicevcernehore.cz\/en\/contact\/","url":"https:\/\/investicevcernehore.cz\/en\/contact\/","name":"Contact | investicevcernehore.cz","isPartOf":{"@id":"https:\/\/investicevcernehore.cz\/en\/#website"},"datePublished":"2025-04-28T15:40:25+00:00","dateModified":"2025-11-18T13:02:25+00:00","description":"We can help you find the ideal property, arrange renovation and management. With us, you invest smartly and worry-free.","breadcrumb":{"@id":"https:\/\/investicevcernehore.cz\/en\/contact\/#breadcrumb"},"inLanguage":"en-US","potentialAction":[{"@type":"ReadAction","target":["https:\/\/investicevcernehore.cz\/en\/contact\/"]}]},{"@type":"BreadcrumbList","@id":"https:\/\/investicevcernehore.cz\/en\/contact\/#breadcrumb","itemListElement":[{"@type":"ListItem","position":1,"name":"Dom\u016f","item":"https:\/\/investicevcernehore.cz\/en\/"},{"@type":"ListItem","position":2,"name":"Contact"}]},{"@type":"WebSite","@id":"https:\/\/investicevcernehore.cz\/en\/#website","url":"https:\/\/investicevcernehore.cz\/en\/","name":"batoh-reality.cz","description":"Investice v \u010cern\u00e9 Ho\u0159e","publisher":{"@id":"https:\/\/investicevcernehore.cz\/en\/#organization"},"potentialAction":[{"@type":"SearchAction","target":{"@type":"EntryPoint","urlTemplate":"https:\/\/investicevcernehore.cz\/en\/?s={search_term_string}"},"query-input":{"@type":"PropertyValueSpecification","valueRequired":true,"valueName":"search_term_string"}}],"inLanguage":"en-US"},{"@type":"Organization","@id":"https:\/\/investicevcernehore.cz\/en\/#organization","name":"batoh-reality.cz","url":"https:\/\/investicevcernehore.cz\/en\/","logo":{"@type":"ImageObject","inLanguage":"en-US","@id":"https:\/\/investicevcernehore.cz\/en\/#\/schema\/logo\/image\/","url":"http:\/\/investicevcernehore.cz\/wp-content\/uploads\/2025\/06\/Batoh-Reality_LOGO_cerne.png","contentUrl":"http:\/\/investicevcernehore.cz\/wp-content\/uploads\/2025\/06\/Batoh-Reality_LOGO_cerne.png","width":2050,"height":561,"caption":"batoh-reality.cz"},"image":{"@id":"https:\/\/investicevcernehore.cz\/en\/#\/schema\/logo\/image\/"}}]}},"_links":{"self":[{"href":"https:\/\/investicevcernehore.cz\/en\/wp-json\/wp\/v2\/pages\/89611","targetHints":{"allow":["GET"]}}],"collection":[{"href":"https:\/\/investicevcernehore.cz\/en\/wp-json\/wp\/v2\/pages"}],"about":[{"href":"https:\/\/investicevcernehore.cz\/en\/wp-json\/wp\/v2\/types\/page"}],"author":[{"embeddable":true,"href":"https:\/\/investicevcernehore.cz\/en\/wp-json\/wp\/v2\/users\/2"}],"replies":[{"embeddable":true,"href":"https:\/\/investicevcernehore.cz\/en\/wp-json\/wp\/v2\/comments?post=89611"}],"version-history":[{"count":7,"href":"https:\/\/investicevcernehore.cz\/en\/wp-json\/wp\/v2\/pages\/89611\/revisions"}],"predecessor-version":[{"id":89799,"href":"https:\/\/investicevcernehore.cz\/en\/wp-json\/wp\/v2\/pages\/89611\/revisions\/89799"}],"wp:attachment":[{"href":"https:\/\/investicevcernehore.cz\/en\/wp-json\/wp\/v2\/media?parent=89611"}],"wp:term":[{"taxonomy":"difl_page_category","embeddable":true,"href":"https:\/\/investicevcernehore.cz\/en\/wp-json\/wp\/v2\/difl_page_category?post=89611"}],"curies":[{"name":"wp","href":"https:\/\/api.w.org\/{rel}","templated":true}]}}