{"id":89620,"date":"2025-04-28T15:40:25","date_gmt":"2025-04-28T15:40:25","guid":{"rendered":"https:\/\/salmon-stinkbug-263337.hostingersite.com\/%d0%ba%d0%be%d0%bd%d1%82%d0%b0%d0%ba%d1%82\/"},"modified":"2025-11-18T13:01:10","modified_gmt":"2025-11-18T13:01:10","slug":"kontakt","status":"publish","type":"page","link":"https:\/\/investicevcernehore.cz\/sr\/kontakt\/","title":{"rendered":"Kontakt"},"content":{"rendered":"<p>[et_pb_section fb_built=&#8220;1&#8243; custom_padding_last_edited=&#8220;on|desktop&#8220; _builder_version=&#8220;4.27.4&#8243; _module_preset=&#8220;default&#8220; background_image=&#8220;https:\/\/investicevcernehore.cz\/wp-content\/uploads\/2025\/04\/Group-2-2.webp&#8220; custom_margin=&#8220;-2px||0px||false|false&#8220; custom_padding=&#8220;70px||0px||false|false&#8220; custom_padding_tablet=&#8220;70px||70px||false|false&#8220; custom_padding_phone=&#8220;50px||50px||false|false&#8220; animation_style=&#8220;fade&#8220; animation_duration=&#8220;500ms&#8220; animation_speed_curve=&#8220;ease&#8220; background_last_edited=&#8220;on|tablet&#8220; background_position_tablet=&#8220;top_left&#8220; locked=&#8220;off&#8220; global_colors_info=&#8220;{}&#8220;][et_pb_row column_structure=&#8220;1_2,1_2&#8243; use_custom_gutter=&#8220;on&#8220; gutter_width=&#8220;2&#8243; _builder_version=&#8220;4.27.4&#8243; _module_preset=&#8220;default&#8220; width=&#8220;90%&#8220; max_width_tablet=&#8220;700px&#8220; max_width_phone=&#8220;530px&#8220; max_width_last_edited=&#8220;on|phone&#8220; custom_margin=&#8220;0px||0px||false|false&#8220; custom_padding=&#8220;0px||0px||false|false&#8220; global_colors_info=&#8220;{}&#8220;][et_pb_column type=&#8220;1_2&#8243; _builder_version=&#8220;4.17.0&#8243; _module_preset=&#8220;default&#8220; global_colors_info=&#8220;{}&#8220;][et_pb_text _builder_version=&#8220;4.27.4&#8243; _module_preset=&#8220;default&#8220; text_font=&#8220;Chivo||||||||&#8220; text_text_color=&#8220;#FFFFFF&#8220; text_font_size=&#8220;20px&#8220; header_font=&#8220;Chivo||||||||&#8220; header_text_color=&#8220;#FFFFFF&#8220; header_font_size=&#8220;20px&#8220; header_4_font=&#8220;Chivo||||||||&#8220; header_4_text_align=&#8220;left&#8220; header_4_text_color=&#8220;#8fd258&#8243; header_4_font_size=&#8220;20px&#8220; custom_margin=&#8220;60px||10px|0px|false|false&#8220; custom_margin_tablet=&#8220;0px||||false|false&#8220; custom_margin_phone=&#8220;0px||||false|false&#8220; custom_margin_last_edited=&#8220;on|phone&#8220; custom_padding=&#8220;0px||0px|50px|false|false&#8220; animation_style=&#8220;slide&#8220; animation_direction=&#8220;top&#8220; animation_intensity_slide=&#8220;20%&#8220; animation_speed_curve=&#8220;ease&#8220; header_font_size_tablet=&#8220;20px&#8220; header_font_size_phone=&#8220;18px&#8220; header_font_size_last_edited=&#8220;on|phone&#8220; custom_css_before=&#8220;    content: &#8220;;||    position:absolute;||    top:9px;||    left:0;||    width: 40px;||    height: 2px;||    background-color: #9b9090;||&#8220; global_colors_info=&#8220;{}&#8220;]<\/p>\n<p>Rezidencija ulaganjem u Crnoj Gori<\/p>\n<p>[\/et_pb_text][et_pb_text _builder_version=&#8220;4.27.4&#8243; _module_preset=&#8220;default&#8220; text_font=&#8220;Linden Hill|700|||||||&#8220; text_text_color=&#8220;#FFFFFF&#8220; text_font_size=&#8220;55px&#8220; text_line_height=&#8220;1em&#8220; header_font=&#8220;Linden Hill|700|||||||&#8220; header_text_align=&#8220;left&#8220; header_text_color=&#8220;#b5bbd1&#8243; header_font_size=&#8220;55px&#8220; header_line_height=&#8220;1.1em&#8220; z_index=&#8220;16&#8243; max_width=&#8220;93%&#8220; custom_margin=&#8220;0px||10px||false|false&#8220; custom_padding=&#8220;0px||0px||false|false&#8220; animation_style=&#8220;slide&#8220; animation_direction=&#8220;top&#8220; animation_duration=&#8220;2000ms&#8220; animation_intensity_slide=&#8220;20%&#8220; animation_speed_curve=&#8220;ease&#8220; text_font_size_tablet=&#8220;55px&#8220; text_font_size_phone=&#8220;35px&#8220; text_font_size_last_edited=&#8220;on|desktop&#8220; header_font_size_tablet=&#8220;55px&#8220; header_font_size_phone=&#8220;45px&#8220; header_font_size_last_edited=&#8220;on|phone&#8220; global_colors_info=&#8220;{}&#8220;]<\/p>\n<h1>KONTAKT<\/h1>\n<p>[\/et_pb_text][et_pb_text content_tablet=&#8220;<\/p>\n<p><span>Dolor sit amet consectetur elit sed do eiusmod tempor<br \/>incididunt labore dolore magna aliqua enim.<\/span><\/p>\n<p>&#8220; content_phone=&#8220;<span>Dolor sit amet consectetur elit sed do eiusmod tempor incididunt labore dolore magna aliqua enim.<\/span>&#8220; content_last_edited=&#8220;off|desktop&#8220; _builder_version=&#8220;4.27.4&#8243; _module_preset=&#8220;default&#8220; text_font=&#8220;Mulish||||||||&#8220; text_text_color=&#8220;#FFFFFF&#8220; text_font_size=&#8220;18px&#8220; text_line_height=&#8220;1.4em&#8220; max_width=&#8220;435px&#8220; custom_margin=&#8220;0px||35px||false|false&#8220; custom_padding=&#8220;0px||0px||false|false&#8220; animation_style=&#8220;slide&#8220; animation_direction=&#8220;bottom&#8220; animation_duration=&#8220;2000ms&#8220; animation_delay=&#8220;200ms&#8220; animation_intensity_slide=&#8220;20%&#8220; animation_speed_curve=&#8220;ease&#8220; global_colors_info=&#8220;{}&#8220;]<\/p>\n<p>Pomo\u0107i \u0107emo vam da prona\u0111ete idealnu nekretninu, organizujemo rekonstrukciju i upravljanje. Kod nas investirate pametno i bezbri\u017eno. <\/p>\n<p>[\/et_pb_text][\/et_pb_column][et_pb_column type=&#8220;1_2&#8243; _builder_version=&#8220;4.17.0&#8243; _module_preset=&#8220;default&#8220; global_colors_info=&#8220;{}&#8220;][et_pb_code _builder_version=&#8220;4.27.4&#8243; _module_preset=&#8220;default&#8220; global_colors_info=&#8220;{}&#8220;]<\/p>\n<div data-tf-live=\"01K094ARCT9X660DPTYFTQCK4G\"><\/div>\n<p><script src=\"\/\/embed.typeform.com\/next\/embed.js\"><\/script>[\/et_pb_code][\/et_pb_column][\/et_pb_row][\/et_pb_section][et_pb_section fb_built=&#8220;1&#8243; _builder_version=&#8220;4.27.4&#8243; background_color=&#8220;#091733&#8243; custom_margin=&#8220;-2px||||false|false&#8220; custom_padding=&#8220;70px|0px|70px|0px|true|false&#8220; global_colors_info=&#8220;{}&#8220;][et_pb_row column_structure=&#8220;1_4,1_4,1_4,1_4&#8243; use_custom_gutter=&#8220;on&#8220; gutter_width=&#8220;1&#8243; make_equal=&#8220;on&#8220; _builder_version=&#8220;4.27.4&#8243; width=&#8220;90%&#8220; custom_padding=&#8220;||15px|||&#8220; global_colors_info=&#8220;{}&#8220;][et_pb_column type=&#8220;1_4&#8243; _builder_version=&#8220;4.16&#8243; custom_padding=&#8220;|||&#8220; global_colors_info=&#8220;{}&#8220; custom_padding__hover=&#8220;|||&#8220;][et_pb_blurb title=&#8220;Telefon&#8220; use_icon=&#8220;on&#8220; font_icon=&#8220;&#xe090;||divi||400&#8243; icon_color=&#8220;#b5bbd1&#8243; icon_placement=&#8220;left&#8220; image_icon_width=&#8220;36px&#8220; _builder_version=&#8220;4.27.4&#8243; header_font=&#8220;Chivo||||||||&#8220; header_text_align=&#8220;left&#8220; header_text_color=&#8220;#b5bbd1&#8243; header_font_size=&#8220;18px&#8220; body_font=&#8220;Mulish|300|||||||&#8220; body_text_align=&#8220;center&#8220; body_text_color=&#8220;#FFFFFF&#8220; body_font_size=&#8220;16px&#8220; body_line_height=&#8220;1.8em&#8220; custom_padding=&#8220;24px||21px||false&#8220; animation=&#8220;off&#8220; border_color_all=&#8220;#297FCA&#8220; icon_font_size=&#8220;36px&#8220; global_colors_info=&#8220;{}&#8220;]<\/p>\n<p data-key=\"On2iG\" data-pm-slice=\"1 1 []\" style=\"text-align: left;\"><a href=\"tel:+420733609809\">+420733609809<\/a><\/p>\n<p>[\/et_pb_blurb][\/et_pb_column][et_pb_column type=&#8220;1_4&#8243; _builder_version=&#8220;4.16&#8243; custom_padding=&#8220;|||&#8220; global_colors_info=&#8220;{}&#8220; custom_padding__hover=&#8220;|||&#8220;][et_pb_blurb title=&#8220;Imejl&#8220; use_icon=&#8220;on&#8220; font_icon=&#8220;&#xe010;||divi||400&#8243; icon_color=&#8220;#b5bbd1&#8243; icon_placement=&#8220;left&#8220; image_icon_width=&#8220;36px&#8220; _builder_version=&#8220;4.27.4&#8243; header_font=&#8220;Chivo||||||||&#8220; header_text_align=&#8220;left&#8220; header_text_color=&#8220;#b5bbd1&#8243; header_font_size=&#8220;18px&#8220; body_font=&#8220;Mulish|300|||||||&#8220; body_text_align=&#8220;center&#8220; body_text_color=&#8220;#FFFFFF&#8220; body_font_size=&#8220;16px&#8220; body_line_height=&#8220;1.8em&#8220; custom_padding=&#8220;24px||21px||false&#8220; animation=&#8220;off&#8220; hover_enabled=&#8220;0&#8243; border_color_all=&#8220;#297FCA&#8220; icon_font_size=&#8220;36px&#8220; global_colors_info=&#8220;{}&#8220; sticky_enabled=&#8220;0&#8243;]<\/p>\n<p data-key=\"R0FSC\" data-pm-slice=\"1 1 []\" style=\"text-align: left;\"><a href=\"mailto:tomas@investicevcernehore.cz\">tomas@investicevcernehore.cz<\/a><\/p>\n<p>[\/et_pb_blurb][\/et_pb_column][et_pb_column type=&#8220;1_4&#8243; _builder_version=&#8220;4.16&#8243; custom_padding=&#8220;|||&#8220; global_colors_info=&#8220;{}&#8220; custom_padding__hover=&#8220;|||&#8220;][et_pb_blurb title=&#8220;Adresa&#8220; use_icon=&#8220;on&#8220; font_icon=&#8220;&#xe01d;||divi||400&#8243; icon_color=&#8220;#b5bbd1&#8243; icon_placement=&#8220;left&#8220; image_icon_width=&#8220;36px&#8220; _builder_version=&#8220;4.27.4&#8243; header_font=&#8220;Chivo||||||||&#8220; header_text_align=&#8220;left&#8220; header_text_color=&#8220;#b5bbd1&#8243; header_font_size=&#8220;18px&#8220; body_font=&#8220;Mulish|300|||||||&#8220; body_text_align=&#8220;center&#8220; body_text_color=&#8220;#FFFFFF&#8220; body_font_size=&#8220;16px&#8220; body_line_height=&#8220;1.8em&#8220; custom_padding=&#8220;24px||21px||false&#8220; animation=&#8220;off&#8220; border_color_all=&#8220;#297FCA&#8220; icon_font_size=&#8220;36px&#8220; global_colors_info=&#8220;{}&#8220;]<\/p>\n<p data-key=\"Y8uPj\" data-pm-slice=\"1 1 []\" style=\"text-align: left;\">Batoh s.r.o.<br \/>Odgovorna osoba: Tom\u00e1\u0161 Hanus<br \/>Srpskohrvatski \/ srpskohrvatski<br \/>110 00 Praga 1<\/p>\n<p>[\/et_pb_blurb][\/et_pb_column][et_pb_column type=&#8220;1_4&#8243; _builder_version=&#8220;4.16&#8243; custom_padding=&#8220;|||&#8220; global_colors_info=&#8220;{}&#8220; custom_padding__hover=&#8220;|||&#8220;][et_pb_blurb title=&#8220;PIB&#8220; use_icon=&#8220;on&#8220; font_icon=&#8220;&#xe007;||divi||400&#8243; icon_color=&#8220;#b5bbd1&#8243; icon_placement=&#8220;left&#8220; image_icon_width=&#8220;36px&#8220; _builder_version=&#8220;4.27.4&#8243; header_font=&#8220;Chivo||||||||&#8220; header_text_align=&#8220;left&#8220; header_text_color=&#8220;#b5bbd1&#8243; header_font_size=&#8220;18px&#8220; body_font=&#8220;Mulish|300|||||||&#8220; body_text_align=&#8220;center&#8220; body_text_color=&#8220;#FFFFFF&#8220; body_font_size=&#8220;16px&#8220; body_line_height=&#8220;1.8em&#8220; custom_padding=&#8220;24px||21px||false&#8220; animation=&#8220;off&#8220; border_color_all=&#8220;#297FCA&#8220; icon_font_size=&#8220;36px&#8220; global_colors_info=&#8220;{}&#8220;]<\/p>\n<p data-key=\"Y8uPj\" data-pm-slice=\"1 1 []\" style=\"text-align: left;\">11866071<\/p>\n<p>[\/et_pb_blurb][\/et_pb_column][\/et_pb_row][\/et_pb_section][et_pb_section fb_built=&#8220;1&#8243; fullwidth=&#8220;on&#8220; _builder_version=&#8220;4.16&#8243; global_colors_info=&#8220;{}&#8220;][et_pb_fullwidth_code _builder_version=&#8220;4.27.4&#8243; custom_padding=&#8220;||0px|||&#8220; global_colors_info=&#8220;{}&#8220;]<iframe src=\"https:\/\/www.google.com\/maps\/embed?pb=!1m18!1m12!1m3!1d4192.461030820579!2d19.14959131224739!3d42.01062691814827!2m3!1f0!2f0!3f0!3m2!1i1024!2i768!4f13.1!3m3!1m2!1s0x134e6d64bef75c2d%3A0xd73d464a40d76f4a!2z0KPRgtGY0LXRhdCwLCDEjGVybsOhIEhvcmE!5e0!3m2!1scs!2scz!4v1745903835210!5m2!1scs!2scz\" width=\"100%\" height=\"650\" style=\"border:0;\" allowfullscreen=\"\" loading=\"lazy\" referrerpolicy=\"no-referrer-when-downgrade\"><\/iframe>[\/et_pb_fullwidth_code][\/et_pb_section][et_pb_section fb_built=&#8220;1&#8243; _builder_version=&#8220;4.16&#8243; custom_padding=&#8220;0|0px|0|0px|true|false&#8220; locked=&#8220;off&#8220; global_colors_info=&#8220;{}&#8220;][et_pb_row column_structure=&#8220;1_4,1_4,1_4,1_4&#8243; use_custom_gutter=&#8220;on&#8220; gutter_width=&#8220;1&#8243; module_class=&#8220; et_pb_row_fullwidth&#8220; _builder_version=&#8220;4.16&#8243; width=&#8220;100%&#8220; width_tablet=&#8220;100%&#8220; width_phone=&#8220;&#8220; width_last_edited=&#8220;on|desktop&#8220; max_width=&#8220;100%&#8220; max_width_tablet=&#8220;100%&#8220; max_width_phone=&#8220;&#8220; max_width_last_edited=&#8220;on|desktop&#8220; custom_margin=&#8220;-11px|auto||auto||&#8220; custom_padding=&#8220;0px||0px||true&#8220; make_fullwidth=&#8220;on&#8220; global_colors_info=&#8220;{}&#8220;][et_pb_column type=&#8220;1_4&#8243; _builder_version=&#8220;4.16&#8243; custom_padding=&#8220;|||&#8220; global_colors_info=&#8220;{}&#8220; custom_padding__hover=&#8220;|||&#8220;][et_pb_image src=&#8220;https:\/\/investicevcernehore.cz\/wp-content\/uploads\/2025\/05\/Investice-v-Cerne-Hore-2.webp&#8220; alt=&#8220;Investicije u Crnoj Gori (2)&#8220; show_in_lightbox=&#8220;on&#8220; use_overlay=&#8220;on&#8220; overlay_icon_color=&#8220;rgba(0,0,0,0)&#8220; hover_overlay_color=&#8220;rgba(0,0,0,0.34)&#8220; _builder_version=&#8220;4.27.4&#8243; filter_opacity=&#8220;90%&#8220; global_colors_info=&#8220;{}&#8220;][\/et_pb_image][et_pb_image src=&#8220;https:\/\/investicevcernehore.cz\/wp-content\/uploads\/2025\/05\/Investice-v-Cerne-Hore-6.webp&#8220; alt=&#8220;Investicije u Crnoj Gori (6)&#8220; show_in_lightbox=&#8220;on&#8220; use_overlay=&#8220;on&#8220; overlay_icon_color=&#8220;rgba(0,0,0,0)&#8220; hover_overlay_color=&#8220;rgba(0,0,0,0.34)&#8220; _builder_version=&#8220;4.27.4&#8243; global_colors_info=&#8220;{}&#8220;][\/et_pb_image][\/et_pb_column][et_pb_column type=&#8220;1_4&#8243; _builder_version=&#8220;4.16&#8243; custom_padding=&#8220;|||&#8220; global_colors_info=&#8220;{}&#8220; custom_padding__hover=&#8220;|||&#8220;][et_pb_image src=&#8220;https:\/\/investicevcernehore.cz\/wp-content\/uploads\/2025\/04\/Investice-v-Cerne-Hore-8.webp&#8220; alt=&#8220;Investicije u Crnoj Gori (8)&#8220; show_in_lightbox=&#8220;on&#8220; use_overlay=&#8220;on&#8220; overlay_icon_color=&#8220;rgba(0,0,0,0)&#8220; hover_overlay_color=&#8220;rgba(0,0,0,0.34)&#8220; _builder_version=&#8220;4.27.4&#8243; global_colors_info=&#8220;{}&#8220;][\/et_pb_image][et_pb_image src=&#8220;https:\/\/investicevcernehore.cz\/wp-content\/uploads\/2025\/05\/Investice-v-Cerne-Hore-1.webp&#8220; alt=&#8220;Investicije u Crnoj Gori (1)&#8220; show_in_lightbox=&#8220;on&#8220; use_overlay=&#8220;on&#8220; overlay_icon_color=&#8220;rgba(0,0,0,0)&#8220; hover_overlay_color=&#8220;rgba(0,0,0,0.34)&#8220; _builder_version=&#8220;4.27.4&#8243; filter_opacity=&#8220;90%&#8220; global_colors_info=&#8220;{}&#8220;][\/et_pb_image][\/et_pb_column][et_pb_column type=&#8220;1_4&#8243; _builder_version=&#8220;4.16&#8243; custom_padding=&#8220;|||&#8220; global_colors_info=&#8220;{}&#8220; custom_padding__hover=&#8220;|||&#8220;][et_pb_image src=&#8220;https:\/\/investicevcernehore.cz\/wp-content\/uploads\/2025\/04\/Investice-v-Cerne-Hore-13.webp&#8220; alt=&#8220;Investicije u Crnoj Gori (13)&#8220; show_in_lightbox=&#8220;on&#8220; use_overlay=&#8220;on&#8220; overlay_icon_color=&#8220;rgba(0,0,0,0)&#8220; hover_overlay_color=&#8220;rgba(0,0,0,0.34)&#8220; _builder_version=&#8220;4.27.4&#8243; filter_opacity=&#8220;80%&#8220; global_colors_info=&#8220;{}&#8220;][\/et_pb_image][\/et_pb_column][et_pb_column type=&#8220;1_4&#8243; _builder_version=&#8220;4.16&#8243; custom_padding=&#8220;|||&#8220; global_colors_info=&#8220;{}&#8220; custom_padding__hover=&#8220;|||&#8220;][et_pb_image src=&#8220;https:\/\/investicevcernehore.cz\/wp-content\/uploads\/2025\/05\/Investice-v-Cerne-Hore-5.webp&#8220; alt=&#8220;Investicije u Crnoj Gori (5)&#8220; show_in_lightbox=&#8220;on&#8220; use_overlay=&#8220;on&#8220; overlay_icon_color=&#8220;rgba(0,0,0,0)&#8220; hover_overlay_color=&#8220;rgba(0,0,0,0.34)&#8220; _builder_version=&#8220;4.27.4&#8243; global_colors_info=&#8220;{}&#8220;][\/et_pb_image][et_pb_image src=&#8220;https:\/\/investicevcernehore.cz\/wp-content\/uploads\/2025\/05\/Investice-v-Cerne-Hore-3.webp&#8220; alt=&#8220;Investicije u Crnoj Gori (3)&#8220; show_in_lightbox=&#8220;on&#8220; use_overlay=&#8220;on&#8220; overlay_icon_color=&#8220;rgba(0,0,0,0)&#8220; hover_overlay_color=&#8220;rgba(0,0,0,0.34)&#8220; _builder_version=&#8220;4.27.4&#8243; filter_opacity=&#8220;90%&#8220; global_colors_info=&#8220;{}&#8220;][\/et_pb_image][\/et_pb_column][\/et_pb_row][\/et_pb_section]<\/p>\n","protected":false},"excerpt":{"rendered":"<p>Rezidencija ulaganjem u Crnoj GoriKONTAKTPomo\u0107i \u0107emo vam da prona\u0111ete idealnu nekretninu, organizujemo rekonstrukciju i upravljanje. Kod nas investirate pametno i bezbri\u017eno. +420733609809tomas@investicevcernehore.czBatoh s.r.o.Odgovorna osoba: Tom\u00e1\u0161 HanusSrpskohrvatski \/ srpskohrvatski110 00 Praga 111866071<\/p>\n","protected":false},"author":2,"featured_media":0,"parent":0,"menu_order":0,"comment_status":"closed","ping_status":"closed","template":"","meta":{"_acf_changed":false,"_et_pb_use_builder":"on","_et_pb_old_content":"","_et_gb_content_width":"","footnotes":""},"difl_page_category":[],"class_list":["post-89620","page","type-page","status-publish","hentry"],"acf":[],"yoast_head":"<!-- This site is optimized with the Yoast SEO plugin v27.3 - https:\/\/yoast.com\/product\/yoast-seo-wordpress\/ -->\n<title>Kontakt | investicevcernehore.cz<\/title>\n<meta name=\"description\" content=\"Pomo\u0107i \u0107emo vam da prona\u0111ete idealnu nekretninu, organizujemo rekonstrukciju i upravljanje. Kod nas investirate pametno i bezbri\u017eno.\" \/>\n<meta name=\"robots\" content=\"index, follow, max-snippet:-1, max-image-preview:large, max-video-preview:-1\" \/>\n<link rel=\"canonical\" href=\"https:\/\/investicevcernehore.cz\/sr\/kontakt\/\" \/>\n<meta property=\"og:locale\" content=\"sr_RS\" \/>\n<meta property=\"og:type\" content=\"article\" \/>\n<meta property=\"og:title\" content=\"Kontakt | investicevcernehore.cz\" \/>\n<meta property=\"og:description\" content=\"Pomo\u0107i \u0107emo vam da prona\u0111ete idealnu nekretninu, organizujemo rekonstrukciju i upravljanje. Kod nas investirate pametno i bezbri\u017eno.\" \/>\n<meta property=\"og:url\" content=\"https:\/\/investicevcernehore.cz\/sr\/kontakt\/\" \/>\n<meta property=\"og:site_name\" content=\"investicevcernehore.cz\" \/>\n<meta property=\"article:modified_time\" content=\"2025-11-18T13:01:10+00:00\" \/>\n<meta property=\"og:image\" content=\"https:\/\/investicevcernehore.cz\/wp-content\/uploads\/2025\/06\/Batoh-Reality_LOGO_cerne.png\" \/>\n\t<meta property=\"og:image:width\" content=\"2050\" \/>\n\t<meta property=\"og:image:height\" content=\"561\" \/>\n\t<meta property=\"og:image:type\" content=\"image\/png\" \/>\n<meta name=\"twitter:card\" content=\"summary_large_image\" \/>\n<meta name=\"twitter:label1\" content=\"\u041f\u0440\u043e\u0446\u0435\u045a\u0435\u043d\u043e \u0432\u0440\u0435\u043c\u0435 \u0447\u0438\u0442\u0430\u045a\u0430\" \/>\n\t<meta name=\"twitter:data1\" content=\"7 \u043c\u0438\u043d\u0443\u0442\u0430\" \/>\n<script type=\"application\/ld+json\" class=\"yoast-schema-graph\">{\"@context\":\"https:\\\/\\\/schema.org\",\"@graph\":[{\"@type\":\"WebPage\",\"@id\":\"https:\\\/\\\/investicevcernehore.cz\\\/sr\\\/kontakt\\\/\",\"url\":\"https:\\\/\\\/investicevcernehore.cz\\\/sr\\\/kontakt\\\/\",\"name\":\"Kontakt | investicevcernehore.cz\",\"isPartOf\":{\"@id\":\"https:\\\/\\\/investicevcernehore.cz\\\/sr\\\/#website\"},\"datePublished\":\"2025-04-28T15:40:25+00:00\",\"dateModified\":\"2025-11-18T13:01:10+00:00\",\"description\":\"Pomo\u0107i \u0107emo vam da prona\u0111ete idealnu nekretninu, organizujemo rekonstrukciju i upravljanje. Kod nas investirate pametno i bezbri\u017eno.\",\"breadcrumb\":{\"@id\":\"https:\\\/\\\/investicevcernehore.cz\\\/sr\\\/kontakt\\\/#breadcrumb\"},\"inLanguage\":\"sr-RS\",\"potentialAction\":[{\"@type\":\"ReadAction\",\"target\":[\"https:\\\/\\\/investicevcernehore.cz\\\/sr\\\/kontakt\\\/\"]}]},{\"@type\":\"BreadcrumbList\",\"@id\":\"https:\\\/\\\/investicevcernehore.cz\\\/sr\\\/kontakt\\\/#breadcrumb\",\"itemListElement\":[{\"@type\":\"ListItem\",\"position\":1,\"name\":\"Dom\u016f\",\"item\":\"https:\\\/\\\/investicevcernehore.cz\\\/sr\\\/\"},{\"@type\":\"ListItem\",\"position\":2,\"name\":\"Kontakt\"}]},{\"@type\":\"WebSite\",\"@id\":\"https:\\\/\\\/investicevcernehore.cz\\\/sr\\\/#website\",\"url\":\"https:\\\/\\\/investicevcernehore.cz\\\/sr\\\/\",\"name\":\"batoh-reality.cz\",\"description\":\"Investice v \u010cern\u00e9 Ho\u0159e\",\"publisher\":{\"@id\":\"https:\\\/\\\/investicevcernehore.cz\\\/sr\\\/#organization\"},\"potentialAction\":[{\"@type\":\"SearchAction\",\"target\":{\"@type\":\"EntryPoint\",\"urlTemplate\":\"https:\\\/\\\/investicevcernehore.cz\\\/sr\\\/?s={search_term_string}\"},\"query-input\":{\"@type\":\"PropertyValueSpecification\",\"valueRequired\":true,\"valueName\":\"search_term_string\"}}],\"inLanguage\":\"sr-RS\"},{\"@type\":\"Organization\",\"@id\":\"https:\\\/\\\/investicevcernehore.cz\\\/sr\\\/#organization\",\"name\":\"batoh-reality.cz\",\"url\":\"https:\\\/\\\/investicevcernehore.cz\\\/sr\\\/\",\"logo\":{\"@type\":\"ImageObject\",\"inLanguage\":\"sr-RS\",\"@id\":\"https:\\\/\\\/investicevcernehore.cz\\\/sr\\\/#\\\/schema\\\/logo\\\/image\\\/\",\"url\":\"http:\\\/\\\/investicevcernehore.cz\\\/wp-content\\\/uploads\\\/2025\\\/06\\\/Batoh-Reality_LOGO_cerne.png\",\"contentUrl\":\"http:\\\/\\\/investicevcernehore.cz\\\/wp-content\\\/uploads\\\/2025\\\/06\\\/Batoh-Reality_LOGO_cerne.png\",\"width\":2050,\"height\":561,\"caption\":\"batoh-reality.cz\"},\"image\":{\"@id\":\"https:\\\/\\\/investicevcernehore.cz\\\/sr\\\/#\\\/schema\\\/logo\\\/image\\\/\"}}]}<\/script>\n<!-- \/ Yoast SEO plugin. -->","yoast_head_json":{"title":"Kontakt | investicevcernehore.cz","description":"Pomo\u0107i \u0107emo vam da prona\u0111ete idealnu nekretninu, organizujemo rekonstrukciju i upravljanje. Kod nas investirate pametno i bezbri\u017eno.","robots":{"index":"index","follow":"follow","max-snippet":"max-snippet:-1","max-image-preview":"max-image-preview:large","max-video-preview":"max-video-preview:-1"},"canonical":"https:\/\/investicevcernehore.cz\/sr\/kontakt\/","og_locale":"sr_RS","og_type":"article","og_title":"Kontakt | investicevcernehore.cz","og_description":"Pomo\u0107i \u0107emo vam da prona\u0111ete idealnu nekretninu, organizujemo rekonstrukciju i upravljanje. Kod nas investirate pametno i bezbri\u017eno.","og_url":"https:\/\/investicevcernehore.cz\/sr\/kontakt\/","og_site_name":"investicevcernehore.cz","article_modified_time":"2025-11-18T13:01:10+00:00","og_image":[{"width":2050,"height":561,"url":"https:\/\/investicevcernehore.cz\/wp-content\/uploads\/2025\/06\/Batoh-Reality_LOGO_cerne.png","type":"image\/png"}],"twitter_card":"summary_large_image","twitter_misc":{"\u041f\u0440\u043e\u0446\u0435\u045a\u0435\u043d\u043e \u0432\u0440\u0435\u043c\u0435 \u0447\u0438\u0442\u0430\u045a\u0430":"7 \u043c\u0438\u043d\u0443\u0442\u0430"},"schema":{"@context":"https:\/\/schema.org","@graph":[{"@type":"WebPage","@id":"https:\/\/investicevcernehore.cz\/sr\/kontakt\/","url":"https:\/\/investicevcernehore.cz\/sr\/kontakt\/","name":"Kontakt | investicevcernehore.cz","isPartOf":{"@id":"https:\/\/investicevcernehore.cz\/sr\/#website"},"datePublished":"2025-04-28T15:40:25+00:00","dateModified":"2025-11-18T13:01:10+00:00","description":"Pomo\u0107i \u0107emo vam da prona\u0111ete idealnu nekretninu, organizujemo rekonstrukciju i upravljanje. Kod nas investirate pametno i bezbri\u017eno.","breadcrumb":{"@id":"https:\/\/investicevcernehore.cz\/sr\/kontakt\/#breadcrumb"},"inLanguage":"sr-RS","potentialAction":[{"@type":"ReadAction","target":["https:\/\/investicevcernehore.cz\/sr\/kontakt\/"]}]},{"@type":"BreadcrumbList","@id":"https:\/\/investicevcernehore.cz\/sr\/kontakt\/#breadcrumb","itemListElement":[{"@type":"ListItem","position":1,"name":"Dom\u016f","item":"https:\/\/investicevcernehore.cz\/sr\/"},{"@type":"ListItem","position":2,"name":"Kontakt"}]},{"@type":"WebSite","@id":"https:\/\/investicevcernehore.cz\/sr\/#website","url":"https:\/\/investicevcernehore.cz\/sr\/","name":"batoh-reality.cz","description":"Investice v \u010cern\u00e9 Ho\u0159e","publisher":{"@id":"https:\/\/investicevcernehore.cz\/sr\/#organization"},"potentialAction":[{"@type":"SearchAction","target":{"@type":"EntryPoint","urlTemplate":"https:\/\/investicevcernehore.cz\/sr\/?s={search_term_string}"},"query-input":{"@type":"PropertyValueSpecification","valueRequired":true,"valueName":"search_term_string"}}],"inLanguage":"sr-RS"},{"@type":"Organization","@id":"https:\/\/investicevcernehore.cz\/sr\/#organization","name":"batoh-reality.cz","url":"https:\/\/investicevcernehore.cz\/sr\/","logo":{"@type":"ImageObject","inLanguage":"sr-RS","@id":"https:\/\/investicevcernehore.cz\/sr\/#\/schema\/logo\/image\/","url":"http:\/\/investicevcernehore.cz\/wp-content\/uploads\/2025\/06\/Batoh-Reality_LOGO_cerne.png","contentUrl":"http:\/\/investicevcernehore.cz\/wp-content\/uploads\/2025\/06\/Batoh-Reality_LOGO_cerne.png","width":2050,"height":561,"caption":"batoh-reality.cz"},"image":{"@id":"https:\/\/investicevcernehore.cz\/sr\/#\/schema\/logo\/image\/"}}]}},"_links":{"self":[{"href":"https:\/\/investicevcernehore.cz\/sr\/wp-json\/wp\/v2\/pages\/89620","targetHints":{"allow":["GET"]}}],"collection":[{"href":"https:\/\/investicevcernehore.cz\/sr\/wp-json\/wp\/v2\/pages"}],"about":[{"href":"https:\/\/investicevcernehore.cz\/sr\/wp-json\/wp\/v2\/types\/page"}],"author":[{"embeddable":true,"href":"https:\/\/investicevcernehore.cz\/sr\/wp-json\/wp\/v2\/users\/2"}],"replies":[{"embeddable":true,"href":"https:\/\/investicevcernehore.cz\/sr\/wp-json\/wp\/v2\/comments?post=89620"}],"version-history":[{"count":8,"href":"https:\/\/investicevcernehore.cz\/sr\/wp-json\/wp\/v2\/pages\/89620\/revisions"}],"predecessor-version":[{"id":89798,"href":"https:\/\/investicevcernehore.cz\/sr\/wp-json\/wp\/v2\/pages\/89620\/revisions\/89798"}],"wp:attachment":[{"href":"https:\/\/investicevcernehore.cz\/sr\/wp-json\/wp\/v2\/media?parent=89620"}],"wp:term":[{"taxonomy":"difl_page_category","embeddable":true,"href":"https:\/\/investicevcernehore.cz\/sr\/wp-json\/wp\/v2\/difl_page_category?post=89620"}],"curies":[{"name":"wp","href":"https:\/\/api.w.org\/{rel}","templated":true}]}}